{"id":225,"date":"2020-07-24T15:48:46","date_gmt":"2020-07-24T15:48:46","guid":{"rendered":"https:\/\/cliffordbeers.gomohealth.care\/terminos-del-servicio\/"},"modified":"2020-09-09T14:11:27","modified_gmt":"2020-09-09T14:11:27","slug":"terminos-del-servicio","status":"publish","type":"page","link":"https:\/\/cliffordbeers.gomohealth.care\/es\/","title":{"rendered":"T\u00e9rminos del servicio"},"content":{"rendered":"<div class=\"fusion-fullwidth fullwidth-box fusion-builder-row-1 nonhundred-percent-fullwidth non-hundred-percent-height-scrolling\" style=\"background-color: rgba(255,255,255,0);background-position: center center;background-repeat: no-repeat;padding-top:0px;padding-right:0px;padding-bottom:0px;padding-left:0px;margin-bottom: 0px;margin-top: 0px;border-width: 0px 0px 0px 0px;border-color:#eae9e9;border-style:solid;\" ><div class=\"fusion-builder-row fusion-row\"><div class=\"fusion-layout-column fusion_builder_column fusion-builder-column-0 fusion_builder_column_1_1 1_1 fusion-one-full fusion-column-first fusion-column-last\" style=\"margin-top:0px;margin-bottom:0px;\"><div class=\"fusion-column-wrapper fusion-flex-column-wrapper-legacy\" style=\"background-position:left top;background-repeat:no-repeat;-webkit-background-size:cover;-moz-background-size:cover;-o-background-size:cover;background-size:cover;padding: 0px 0px 0px 0px;\"><div class=\"fusion-text fusion-text-1\"><p>Como participante del programa de texto y web Reach Out Connecticut Personal Concierge, acepto:<\/p>\n<ul>\n<li>Recibir mensajes de texto o correo electr\u00f3nico de acuerdo con mi inscripci\u00f3n en el programa.<\/li>\n<li>Hacer clic en los enlaces para ver la informaci\u00f3n educativa que se me enviar\u00e1.<\/li>\n<li>Completar y enviar encuestas de salud del programa en l\u00ednea o m\u00f3viles.<\/li>\n<li>Contactarme con la l\u00ednea de consulta telef\u00f3nica de Reach Out Connecticut si tengo alguna pregunta sobre la informaci\u00f3n proporcionada a trav\u00e9s del programa.<\/li>\n<\/ul>\n<p>Como participante del programa GoMo Chat, acepto:<\/p>\n<ul>\n<li>Recibir mensajes est\u00e1ndar y seguros.<\/li>\n<\/ul>\n<p>Este programa no est\u00e1 dise\u00f1ado ni brinda asesoramiento m\u00e9dico, diagn\u00f3stico profesional, opiniones, tratamientos ni servicios. La informaci\u00f3n m\u00e9dica proporcionada en Gold Group Enterprises, Inc., que opera como GoMo Health (GoMo Health) tiene \u00fanicamente fines informativos y educativos. Despu\u00e9s de leer los mensajes del programa o las p\u00e1ginas web, le recomendamos que revise la informaci\u00f3n cuidadosamente con su proveedor. La informaci\u00f3n que ingrese a trav\u00e9s de la Plataforma no se utilizar\u00e1 para evaluar si debe solicitar atenci\u00f3n m\u00e9dica. Nunca ignore el asesoramiento m\u00e9dico profesional, demore en buscar tratamiento ni dependa de la informaci\u00f3n de este programa en lugar de acudir a una consulta m\u00e9dica profesional. La informaci\u00f3n enviada a trav\u00e9s de los mensajes de texto no debe considerarse una consulta m\u00e9dica, ni pretende reemplazar las decisiones del proveedor sobre la idoneidad o los riesgos de un procedimiento dado a un paciente. Si considera que puede tener una emergencia m\u00e9dica, llame a su proveedor o al 911 de inmediato.<\/p>\n<p>La informaci\u00f3n m\u00e9dica cambia constantemente. GoMo Health no garantiza la exactitud, adecuaci\u00f3n, oportunidad o integridad de la informaci\u00f3n de este sitio ni de los sitios web vinculados, y no responde de errores, omisiones o consecuencias que surjan del uso de la informaci\u00f3n contenida en este o cualquier sitio web vinculado.<\/p>\n<p>Las referencias a entidades, productos, servicios o fuentes de informaci\u00f3n que no se vinculen a GoMo Health no deben considerarse una aprobaci\u00f3n, directa o impl\u00edcita, por parte de GoMo Health. GoMo Health no recomienda ni aprueba ninguna prueba, producto, procedimiento, opini\u00f3n u otra informaci\u00f3n espec\u00edficos que puedan proporcionarse en sitios web vinculados. Los sitios web vinculados pueden contener textos, gr\u00e1ficos, im\u00e1genes o informaci\u00f3n que considere ofensiva. GoMo Health no tiene control ni acepta responsabilidad por dicho material.<\/p>\n<p>Esperamos que encuentre utilidad en este programa en cuanto a la informaci\u00f3n proporcionada sobre ciertas afecciones y para que tome sus propias decisiones de atenci\u00f3n m\u00e9dica.<\/p>\n<p><strong>Comunicaci\u00f3n sobre el programa Personal Concierge relativa a la Ley de Responsabilidad y Portabilidad del Seguro de Salud (HIPAA)<\/strong><\/p>\n<p>Entiendo que los mensajes de texto y correos electr\u00f3nicos no se consideran tecnolog\u00edas seguras y que los mensajes que recibo pueden indicar la naturaleza de mi afecci\u00f3n. M\u00e1s all\u00e1 de la naturaleza de mi afecci\u00f3n, GoMo Health no enviar\u00e1 informaci\u00f3n de salud protegida por mensaje de texto o correo electr\u00f3nico como parte de este programa. La informaci\u00f3n de salud protegida (PHI) se usar\u00e1 y divulgar\u00e1 de acuerdo con la ley HIPAA y las leyes de privacidad correspondientes. Al usar este servicio, reconoce y acepta los riesgos asociados con \u00e9l.<\/p>\n<p><strong>Comunicaci\u00f3n sobre GoMo Chat en relaci\u00f3n con la Ley HIPAA<\/strong><\/p>\n<p>GoMo Chat puede enviar mensajes de texto est\u00e1ndar y mensajes seguros. Entiendo que los mensajes de texto est\u00e1ndar no se consideran una tecnolog\u00eda segura y que cualquier mensaje de texto est\u00e1ndar que reciba puede indicar la naturaleza de mi afecci\u00f3n. Los mensajes seguros se env\u00edan a trav\u00e9s de GoMo Chat Secure, que se puede acceder a trav\u00e9s de la p\u00e1gina web segura. La informaci\u00f3n de salud protegida (PHI) se usar\u00e1 y divulgar\u00e1 de acuerdo con la ley HIPAA y las leyes de privacidad correspondientes.<\/p>\n<p><strong>Procedimientos de seguridad de la salud<\/strong><\/p>\n<p>Entiendo y acepto que este programa no sustituye la recepci\u00f3n de atenci\u00f3n id\u00f3nea por parte de un proveedor de la salud adecuado o del seguir el plan de atenci\u00f3n recomendado por mi proveedor de la salud. Entiendo que el programa est\u00e1 dise\u00f1ado para brindarme informaci\u00f3n de referencia que pueda ser \u00fatil para controlar mi afecci\u00f3n. Entiendo que es posible que la informaci\u00f3n disponible a trav\u00e9s del programa no est\u00e9 completa o que, inevitablemente, corresponda a mi afecci\u00f3n. Acepto contactar a mi proveedor de atenci\u00f3n m\u00e9dica (o, en el caso de una emergencia, comunicarme al 911) de inmediato si tengo preguntas sobre la informaci\u00f3n proporcionada y c\u00f3mo puede aplicarse a mi afecci\u00f3n m\u00e9dica en particular.<\/p>\n<p><strong>Pol\u00edtica de privacidad<\/strong><\/p>\n<p>GoMo Health respeta su privacidad. GoMo Health Concierge Care\u00ae es una plataforma de software con contenido educativo que se distribuye a trav\u00e9s de un mensaje de texto o por correo electr\u00f3nico. GoMo Health no vende, comercializa ni alquila su informaci\u00f3n personal a otras empresas o personas. GoMo Health utiliza la tecnolog\u00eda Secure Sockets Layer (SSL) l\u00edder en la industria para mantener su informaci\u00f3n personal lo m\u00e1s segura posible. La informaci\u00f3n de los participantes solo se utilizar\u00e1 para los fines previstos.<\/p>\n<p>GoMo Health puede usar informaci\u00f3n recopilada a trav\u00e9s de sus servicios a fines de investigaci\u00f3n y desarrollo. No obstante, dicho uso no incluir\u00e1 ninguna informaci\u00f3n de identificaci\u00f3n personal en esas investigaciones o desarrollos. La informaci\u00f3n personal recopilada se almacena en nuestra base de datos segura en la nube, y nos reservamos el derecho de divulgar informaci\u00f3n solo seg\u00fan lo dispuesto para cumplir con las leyes estatales y federales.<\/p>\n<p><strong>Informaci\u00f3n personal<\/strong><\/p>\n<p>GoMo Health compila la informaci\u00f3n de los participantes enviada a este programa de manera voluntaria para mejorar el funcionamiento del programa. GoMo Health, tambi\u00e9n, puede agregar la informaci\u00f3n de las dos fuentes mencionadas anteriormente.<\/p>\n<p><strong>Texto y correo electr\u00f3nico<\/strong><\/p>\n<p>Cuando un participante env\u00eda un mensaje de texto o correo electr\u00f3nico con datos espec\u00edficos del programa, su n\u00famero de m\u00f3vil o direcci\u00f3n de correo electr\u00f3nico es posible que se registre todo el contenido del mensaje, los archivos adjuntos u otra informaci\u00f3n. El programa puede usar esta informaci\u00f3n para definir y enviar informaci\u00f3n adecuada o contenido educativo a los participantes. Los participantes pueden indicar su preferencia de dejar de recibir comunicaciones o cancelar la suscripci\u00f3n en cualquier momento. (Consulte sus opciones con respecto a su informaci\u00f3n personal).<\/p>\n<p><strong>Informaci\u00f3n recopilada a trav\u00e9s de la tecnolog\u00eda<\/strong><\/p>\n<p>Al usar estas p\u00e1ginas, cierta informaci\u00f3n de env\u00edo de mensajes puede ser recopilada pasivamente y almacenada en los registros del servidor de nuestros proveedores de servicios, inclusive su direcci\u00f3n de protocolo de Internet, tipo de navegador y sistema operativo. Adem\u00e1s, utilizamos cookies y datos de navegaci\u00f3n como Localizadores de recursos uniformes (\u00abURL\u00bb) para recopilar informaci\u00f3n sobre la fecha y la hora de su visita a la p\u00e1gina web y la informaci\u00f3n visualizada. Las \u00abcookies\u00bb son peque\u00f1as piezas de informaci\u00f3n que un sitio web env\u00eda al disco duro de su computadora mientras usted visualiza el sitio. Una direcci\u00f3n de protocolo de Internet (o IP) es un n\u00famero que se asigna autom\u00e1ticamente a una computadora participante cuando se usa Internet. En algunos casos, una direcci\u00f3n IP puede permanecer igual de una sesi\u00f3n de navegador a otra; pero, si los participantes usan un proveedor de servicios de Internet (ISP) de cliente, es probable que su direcci\u00f3n IP var\u00ede de una sesi\u00f3n a otra. El programa puede usar cookies de sesi\u00f3n (que caducan una vez que se cierra el navegador web) y cookies persistentes (que permanecen en la computadora hasta que se eliminan) para ofrecer una experiencia m\u00e1s personal e interactiva del programa. Las cookies persistentes pueden eliminarse si se siguen las instrucciones del archivo de ayuda del navegador de Internet. Los participantes pueden gestionar las preferencias de cookies a trav\u00e9s de los ajustes del navegador (consulte <a href=\"http:\/\/www.allaboutcookies.org\/\" target=\"_blank\" rel=\"noopener noreferrer\">http:\/\/www.allaboutcookies.org\/<\/a> para obtener m\u00e1s informaci\u00f3n).<\/p>\n<p><strong>Uso y divulgaci\u00f3n de informaci\u00f3n<\/strong><\/p>\n<p>En general, la informaci\u00f3n de salud personal y otra informaci\u00f3n enviada o compartida con el programa puede usarse con los siguientes objetivos: para permitir que el participante acceda a los servicios del programa; para personalizar el contenido recibido por el programa, o para proporcionar m\u00e1s informaci\u00f3n y funcionalidad a petici\u00f3n.<\/p>\n<p>Salvo que en esta Pol\u00edtica de privacidad se establezca lo contrario, el programa no vende, intercambia, alquila ni comparte de otra forma la informaci\u00f3n personal que recopilamos con terceros.<\/p>\n<p>Podemos, cuando se nos exige hacerlo, proporcionar informaci\u00f3n de salud personal a proveedores de servicios o afiliados externos que trabajan en nuestro nombre, para proporcionar algunas de las funcionalidades del servicio necesarias para ayudarnos a comunicarnos con los participantes. Entre ejemplos de dichos servicios se incluye enviar mensajes de texto o correos electr\u00f3nicos, analizar datos y proporcionar atenci\u00f3n al cliente. La informaci\u00f3n de los participantes proporcionada en virtud de un Acuerdo de socio comercial a los afiliados y proveedores de servicios externos mencionados no debe utilizarse de ninguna forma que no sea necesaria para proporcionar los servicios pertinentes del programa. Si no est\u00e1 dispuesto a permitir que el programa utilice o revele su informaci\u00f3n de salud personal recopilada seg\u00fan se identifica m\u00e1s arriba, puede optar por no participar en el programa.<\/p>\n<p>El programa utiliza Google Analytics para analizar c\u00f3mo interact\u00faan las visitas con el sitio web del programa. Este servicio proporciona datos que no permiten la identificaci\u00f3n personal, inclusive, entre otros, datos sobre de d\u00f3nde vienen las visitas, qu\u00e9 acciones emprendieron en nuestro sitio y a d\u00f3nde fueron las visitas al abandonar nuestro sitio.<\/p>\n<p>Este programa tambi\u00e9n puede ayudar a desarrollar informaci\u00f3n no personal sobre las visitas a las p\u00e1ginas web de GoMo Health, utilizando procesos de anonimizaci\u00f3n para ayudar a asegurar que dicha informaci\u00f3n no pueda razonablemente volver a asociarse o conectarse con los participantes. Por lo general, esta informaci\u00f3n se anonimiza y agrupa para ser utilizada en an\u00e1lisis estad\u00edsticos a fin de ayudar a analizar los patrones de uso. Esta Pol\u00edtica de privacidad no limita el uso ni la divulgaci\u00f3n de informaci\u00f3n anonimizada (es decir, que no se conecta a un usuario individual) de forma alguna, y nos reservamos el derecho de usar y de revelar dicha informaci\u00f3n a socios del programa, patrocinadores y otros terceros a nuestro criterio.<\/p>\n<p>Si atravesamos una transici\u00f3n comercial tal como una fusi\u00f3n, adquisici\u00f3n por otra empresa o venta de todos o parte de nuestros activos, su informaci\u00f3n de salud personal puede estar entre los activos transferidos. Los participantes del programa reconocen que dichas transferencias pueden ocurrir, que esta Pol\u00edtica de privacidad las permite y que cualquier adquirente continuar\u00e1 procesando la informaci\u00f3n de salud personal en observancia de la Ley HIPAA y seg\u00fan se establece en esta Pol\u00edtica de Privacidad.<\/p>\n<p>El programa puede revelar informaci\u00f3n de salud personal si es necesario para cumplir las leyes pertinentes o responder citaciones u \u00f3rdenes judiciales que se nos notifican. Por el presente, usted acepta que compartamos su informaci\u00f3n de salud personal en las circunstancias aqu\u00ed descritas.<\/p>\n<p><strong>Usos de la plataforma prohibidos<\/strong><\/p>\n<p>Usted se abstendr\u00e1 de transmitir, redistribuir o promocionar cualquier comunicaci\u00f3n, contenido o material que (a) contenga archivos corruptos, virus u otros archivos de software similares, cuya intenci\u00f3n sea da\u00f1ar el funcionamiento de la computadora de otro; (b) sea il\u00edcito, amenazante, hostigador, abusivo, difamatorio, invada los derechos de privacidad o de publicidad, sea obsceno u objetable de otro modo; (c) infrinja, malverse o viole los derechos de propiedad intelectual u otros derechos de terceros; (d) imite a cualquier persona, empresa o entidad, inclusive nuestra empresa, empleados o representantes; (e) viole alguna ley (inclusive, entre otras, la Ley HIPAA); o (f) equivalga a una conducta que, a nuestro criterio, restrinja, afecte, interfiera o impida a otros usuarios usar o disfrutar la Plataforma, o que de otra forma resulte perjudicial para ella. Usted se abstendr\u00e1 de: (g) usar medios automatizados, inclusive rastreadores, robots, indexadores, herramientas de extracci\u00f3n de datos o similares de la Plataforma; (h) cubrir, ocultar, bloquear o interferir de alguna forma con publicidades o funciones de seguridad (por ejemplo, el bot\u00f3n de denunciar abuso) en la Plataforma, o (i) acceder o usar la Plataforma para recolectar investigaciones de mercado para una empresa competidora.<\/p>\n<p><strong>AVISO LEGAL Y LIMITACI\u00d3N DE RESPONSABILIDAD<\/strong><\/p>\n<p>EL CONTENIDO PROPORCIONADO EN LA PLATAFORMA Y EN CUALQUIER OTRA COMUNICACI\u00d3N DE LA PLATAFORMA O PROPORCIONADA A TRAV\u00c9S DE ELLA NO PRETENDE SUSTITUIR NI REEMPLAZA EL ASESORAMIENTO, DIAGN\u00d3STICO O TRATAMIENTO DE UN M\u00c9DICO PROGESIONAL. GOMO HEALTH NO EFECT\u00daA DECLARACIONES NI GARANT\u00cdAS, EXPRESAS NI IMPL\u00cdCITAS, RESPECTO DE LA EXACTITUD E INTEGRIDAD DEL CONTENIDO RELACIONADO CON SU HISTORIAL M\u00c9DICO O EXPEDIENTES M\u00c9DICOS.<\/p>\n<p>USTED RECONOCE QUE LA PLAFAORMA PUEDE CONTENER FALLAS, ERRORES Y OTROS PROBLEMAS QUE PODR\u00cdAN CAUSAR FALLAS DEL SISTEMA. EN CONSECUENCIA, LA PLATAFORMA Y EL CONTENIDO SE PROPORCIONAN \u00abTAL COMO EST\u00c1N\u00bb Y \u00abSEG\u00daN DISPONIBILIDAD\u00bb SIN GARANT\u00cdAS DE NING\u00daN TIPO, LO QUE INCLUYE QUE LA PLATAFORMA O EL CONTENIDO FUNCIONEN SIN ERRORES O QUE LA PLATAFORMA, SUS SERVIDORES O EL CONTENIDO EST\u00c9N LIBRES DE VIRUS INFORM\u00c1TICOS O CARACTER\u00cdSTICAS CONTAMINANTES O DESTRUCTIVAS SIMILARES.<\/p>\n<p>GOMO HEALTH NIEGA TODA GARANT\u00cdA, INCLUSIVE, ENTRE OTRAS, LAS GARANT\u00cdAS DE T\u00cdTULO, COMERCIABILIDAD, NO INFRACCI\u00d3N DE DERECHOS DE TERCEROS Y ADECUACI\u00d3N A UN FIN ESPEC\u00cdFICO, Y TODA GARANT\u00cdA QUE SURJA DEL CURSO DE UNA NEGOCIACI\u00d3N, EL CURSO DE LA EJECUCI\u00d3N O EL USO DEL COMERCIO.<\/p>\n<p>EN RELACI\u00d3N CON TODA GARANT\u00cdA, CONTRATO O DEMANDA POR DA\u00d1OS Y PERJUICIOS CONFORME AL DERECHO CONSUETUDINARIO: (I) GOMO NO RESPONDER\u00c1 DE DA\u00d1OS INCIDENTALES O CONSECUENTES, LUCRO CESANTE O DA\u00d1OS QUE RESULTEN DE LA P\u00c9RDIDA DE DATOS O INTERRUPCI\u00d3N COMERCIAL CAUSADA POR EL USO O LA INCAPACIDAD DE ACCEDER Y USAR LA PLATAFORMA O EL CONTENIDO, INCLUSO SI SE NOS HA INFORMADO SOBRE LA POSIBILIDAD DE DICHOS DA\u00d1OS; Y (II) TODO DA\u00d1O DIRECTO QUE USTED PUEDA SUFRIR COMO RESULTADO DE SU USO DE LA PLATAFORMA O DEL CONTENIDO SE LIMITAR\u00c1 A CINCUENTA D\u00d3LARES ESTADOUNIDENSES (US$ 50). ALGUNAS JURISDICCIONES NO PERMITEN LA EXCLUSI\u00d3N DE CIERTAS GARANT\u00cdAS. POR LO TANTO, ES POSIBLE QUE ALGUNAS DE LAS ANTERIORES LIMITACIONES A LAS GARANT\u00cdAS DE ESTA SECCI\u00d3N NO SE APLIQUEN RESPECTO DE USTED.<\/p>\n<p><strong>Conclusi\u00f3n<\/strong><\/p>\n<p>Nos reservamos el derecho, a nuestro exclusivo criterio, de restringir, suspender o dar por finalizado su acceso a toda o parte de la Plataforma, en cualquier momento y por cualquier motivo sin aviso previo ni responsabilidad. Nos reservamos el derecho de cambiar, suspender o interrumpir toda o parte de la Plataforma en cualquier momento sin previo aviso ni responsabilidad.<\/p>\n<p><strong>Sus opciones en cuanto a su informaci\u00f3n personal<\/strong><\/p>\n<p>Este programa ofrece opciones a los participantes sobre la recopilaci\u00f3n, el uso y el intercambio de su informaci\u00f3n de salud personal. Los participantes tienen derecho a cancelar la suscripci\u00f3n y a interrumpir el contacto con el programa si responden \u00abSTOP\u00bb en cualquier momento despu\u00e9s de recibir un mensaje de texto. Los participantes pueden ponerse en contacto con GoMo Health directamente, por correo electr\u00f3nico, a <a href=\"mailto:support@mymobilemsg.com\">support@mymobilemsg.com<\/a>.<\/p>\n<\/div><div class=\"fusion-clearfix\"><\/div><\/div><\/div><\/div><\/div>\n","protected":false},"excerpt":{"rendered":"","protected":false},"author":1,"featured_media":0,"parent":0,"menu_order":0,"comment_status":"closed","ping_status":"closed","template":"","meta":[],"yoast_head":"<!-- This site is optimized with the Yoast SEO plugin v19.10 - https:\/\/yoast.com\/wordpress\/plugins\/seo\/ -->\n<title>T\u00e9rminos del servicio | Clifford Beers<\/title>\n<meta name=\"robots\" content=\"index, follow, max-snippet:-1, max-image-preview:large, max-video-preview:-1\" \/>\n<link rel=\"canonical\" href=\"https:\/\/cliffordbeers.gomohealth.care\/es\/\" \/>\n<meta property=\"og:locale\" content=\"es_ES\" \/>\n<meta property=\"og:type\" content=\"article\" \/>\n<meta property=\"og:title\" content=\"T\u00e9rminos del servicio | Clifford Beers\" \/>\n<meta property=\"og:url\" content=\"https:\/\/cliffordbeers.gomohealth.care\/es\/\" \/>\n<meta property=\"og:site_name\" content=\"Clifford Beers\" \/>\n<meta property=\"article:modified_time\" content=\"2020-09-09T14:11:27+00:00\" \/>\n<meta name=\"twitter:card\" content=\"summary_large_image\" \/>\n<meta name=\"twitter:label1\" content=\"Tiempo de lectura\" \/>\n\t<meta name=\"twitter:data1\" content=\"14 minutos\" \/>\n<script type=\"application\/ld+json\" class=\"yoast-schema-graph\">{\"@context\":\"https:\/\/schema.org\",\"@graph\":[{\"@type\":\"WebPage\",\"@id\":\"https:\/\/cliffordbeers.gomohealth.care\/es\/\",\"url\":\"https:\/\/cliffordbeers.gomohealth.care\/es\/\",\"name\":\"T\u00e9rminos del servicio | Clifford Beers\",\"isPartOf\":{\"@id\":\"https:\/\/cliffordbeers.gomohealth.care\/#website\"},\"datePublished\":\"2020-07-24T15:48:46+00:00\",\"dateModified\":\"2020-09-09T14:11:27+00:00\",\"breadcrumb\":{\"@id\":\"https:\/\/cliffordbeers.gomohealth.care\/es\/#breadcrumb\"},\"inLanguage\":\"es\",\"potentialAction\":[{\"@type\":\"ReadAction\",\"target\":[\"https:\/\/cliffordbeers.gomohealth.care\/es\/\"]}]},{\"@type\":\"BreadcrumbList\",\"@id\":\"https:\/\/cliffordbeers.gomohealth.care\/es\/#breadcrumb\",\"itemListElement\":[{\"@type\":\"ListItem\",\"position\":1,\"name\":\"Home\",\"item\":\"https:\/\/cliffordbeers.gomohealth.care\/es\/\"},{\"@type\":\"ListItem\",\"position\":2,\"name\":\"T\u00e9rminos del servicio\"}]},{\"@type\":\"WebSite\",\"@id\":\"https:\/\/cliffordbeers.gomohealth.care\/#website\",\"url\":\"https:\/\/cliffordbeers.gomohealth.care\/\",\"name\":\"Clifford Beers\",\"description\":\"Just another GoMo Health Sites site\",\"potentialAction\":[{\"@type\":\"SearchAction\",\"target\":{\"@type\":\"EntryPoint\",\"urlTemplate\":\"https:\/\/cliffordbeers.gomohealth.care\/?s={search_term_string}\"},\"query-input\":\"required name=search_term_string\"}],\"inLanguage\":\"es\"}]}<\/script>\n<!-- \/ Yoast SEO plugin. -->","yoast_head_json":{"title":"T\u00e9rminos del servicio | Clifford Beers","robots":{"index":"index","follow":"follow","max-snippet":"max-snippet:-1","max-image-preview":"max-image-preview:large","max-video-preview":"max-video-preview:-1"},"canonical":"https:\/\/cliffordbeers.gomohealth.care\/es\/","og_locale":"es_ES","og_type":"article","og_title":"T\u00e9rminos del servicio | Clifford Beers","og_url":"https:\/\/cliffordbeers.gomohealth.care\/es\/","og_site_name":"Clifford Beers","article_modified_time":"2020-09-09T14:11:27+00:00","twitter_card":"summary_large_image","twitter_misc":{"Tiempo de lectura":"14 minutos"},"schema":{"@context":"https:\/\/schema.org","@graph":[{"@type":"WebPage","@id":"https:\/\/cliffordbeers.gomohealth.care\/es\/","url":"https:\/\/cliffordbeers.gomohealth.care\/es\/","name":"T\u00e9rminos del servicio | Clifford Beers","isPartOf":{"@id":"https:\/\/cliffordbeers.gomohealth.care\/#website"},"datePublished":"2020-07-24T15:48:46+00:00","dateModified":"2020-09-09T14:11:27+00:00","breadcrumb":{"@id":"https:\/\/cliffordbeers.gomohealth.care\/es\/#breadcrumb"},"inLanguage":"es","potentialAction":[{"@type":"ReadAction","target":["https:\/\/cliffordbeers.gomohealth.care\/es\/"]}]},{"@type":"BreadcrumbList","@id":"https:\/\/cliffordbeers.gomohealth.care\/es\/#breadcrumb","itemListElement":[{"@type":"ListItem","position":1,"name":"Home","item":"https:\/\/cliffordbeers.gomohealth.care\/es\/"},{"@type":"ListItem","position":2,"name":"T\u00e9rminos del servicio"}]},{"@type":"WebSite","@id":"https:\/\/cliffordbeers.gomohealth.care\/#website","url":"https:\/\/cliffordbeers.gomohealth.care\/","name":"Clifford Beers","description":"Just another GoMo Health Sites site","potentialAction":[{"@type":"SearchAction","target":{"@type":"EntryPoint","urlTemplate":"https:\/\/cliffordbeers.gomohealth.care\/?s={search_term_string}"},"query-input":"required name=search_term_string"}],"inLanguage":"es"}]}},"_links":{"self":[{"href":"https:\/\/cliffordbeers.gomohealth.care\/es\/wp-json\/wp\/v2\/pages\/225"}],"collection":[{"href":"https:\/\/cliffordbeers.gomohealth.care\/es\/wp-json\/wp\/v2\/pages"}],"about":[{"href":"https:\/\/cliffordbeers.gomohealth.care\/es\/wp-json\/wp\/v2\/types\/page"}],"author":[{"embeddable":true,"href":"https:\/\/cliffordbeers.gomohealth.care\/es\/wp-json\/wp\/v2\/users\/1"}],"replies":[{"embeddable":true,"href":"https:\/\/cliffordbeers.gomohealth.care\/es\/wp-json\/wp\/v2\/comments?post=225"}],"version-history":[{"count":3,"href":"https:\/\/cliffordbeers.gomohealth.care\/es\/wp-json\/wp\/v2\/pages\/225\/revisions"}],"predecessor-version":[{"id":308,"href":"https:\/\/cliffordbeers.gomohealth.care\/es\/wp-json\/wp\/v2\/pages\/225\/revisions\/308"}],"wp:attachment":[{"href":"https:\/\/cliffordbeers.gomohealth.care\/es\/wp-json\/wp\/v2\/media?parent=225"}],"curies":[{"name":"wp","href":"https:\/\/api.w.org\/{rel}","templated":true}]}}